{"id":19577,"date":"2019-04-04T09:35:13","date_gmt":"2019-04-04T09:35:13","guid":{"rendered":"https:\/\/dragonkargo.com\/?page_id=19577"},"modified":"2024-01-25T09:41:09","modified_gmt":"2024-01-25T09:41:09","slug":"services","status":"publish","type":"page","link":"https:\/\/dragonkargo.com\/tr\/services\/","title":{"rendered":"Hizmetler"},"content":{"rendered":"<div class=\"wpb-content-wrapper\"><div  data-delay=\"0\" class=\"vc_row wpb_row vc_row-fluid\"><div class=\"wpb_column vc_column_container vc_col-sm-12\" data-delay=\"0\"><div class=\"vc_column-inner\"><div class=\"wpb_wrapper\"><div class=\"vc_row wpb_row vc_inner vc_row-fluid\"><div class=\"wpb_column vc_column_container vc_col-sm-4\"><div class=\"vc_column-inner\"><div class=\"wpb_wrapper\"><div class='dt-sc-image-caption type3' data-delay='0'><div class='dt-sc-image-wrapper'><img loading=\"lazy\" decoding=\"async\" width=\"1500\" height=\"800\" src=\"https:\/\/dragonkargo.com\/wp-content\/uploads\/2024\/01\/container-truck-ship-port-ai-generated-image-1-1-e1705907631231.jpg\" class=\"attachment-full\" alt=\"\" title=\"konteyner-kamyon-gemi-liman\u0131-yapay zeka taraf\u0131ndan olu\u015fturulan-resim (1)\" srcset=\"https:\/\/dragonkargo.com\/wp-content\/uploads\/2024\/01\/container-truck-ship-port-ai-generated-image-1-1-e1705907631231.jpg 1500w, https:\/\/dragonkargo.com\/wp-content\/uploads\/2024\/01\/container-truck-ship-port-ai-generated-image-1-1-e1705907631231-300x160.jpg 300w, https:\/\/dragonkargo.com\/wp-content\/uploads\/2024\/01\/container-truck-ship-port-ai-generated-image-1-1-e1705907631231-1024x546.jpg 1024w, https:\/\/dragonkargo.com\/wp-content\/uploads\/2024\/01\/container-truck-ship-port-ai-generated-image-1-1-e1705907631231-768x410.jpg 768w, https:\/\/dragonkargo.com\/wp-content\/uploads\/2024\/01\/container-truck-ship-port-ai-generated-image-1-1-e1705907631231-750x400.jpg 750w, https:\/\/dragonkargo.com\/wp-content\/uploads\/2024\/01\/container-truck-ship-port-ai-generated-image-1-1-e1705907631231-540x288.jpg 540w, https:\/\/dragonkargo.com\/wp-content\/uploads\/2024\/01\/container-truck-ship-port-ai-generated-image-1-1-e1705907631231-1000x533.jpg 1000w\" sizes=\"(max-width: 1500px) 100vw, 1500px\" \/><div class='icon-wrapper'><a href=\"https:\/\/dragonkargo.com\/tr\/service-details\/road-freight\/\" target=\"_blank\" title=\"Karayolu Ta\u015f\u0131mac\u0131l\u0131\u011f\u0131\"><img loading=\"lazy\" decoding=\"async\" width=\"113\" height=\"65\" src=\"https:\/\/dragonkargo.com\/wp-content\/uploads\/2019\/04\/blog-hover.png\" class=\"attachment-full\" alt=\"\" title=\"blog-hover\" \/><\/a><\/div><\/div><div class='dt-sc-image-content'><div class='dt-sc-image-title'><h3><a href=\"https:\/\/dragonkargo.com\/tr\/service-details\/road-freight\/\" target=\"_blank\" title=\"Karayolu Ta\u015f\u0131mac\u0131l\u0131\u011f\u0131\">Karayolu Ta\u015f\u0131mac\u0131l\u0131\u011f\u0131<\/a><\/h3><\/div><p>K\u00fcresel ticaretin dinamik d\u00fcnyas\u0131nda, verimli lojistik ve g\u00fcvenilir kargo hizmetleri, k\u0131talar aras\u0131 i\u015fletmeleri birbirine ba\u011flamada \u00f6nemli bir rol oynamaktad\u0131r.<\/p>\n<a href='https:\/\/dragonkargo.com\/tr\/service-details\/road-freight\/' target='_blank' title='' class='dt-sc-button   medium   filled fully-rounded-corner' data-delay='0' > daha fazla oku <\/a><\/p><\/div><\/div><\/div><\/div><\/div><div class=\"wpb_column vc_column_container vc_col-sm-4\"><div class=\"vc_column-inner\"><div class=\"wpb_wrapper\"><div class='dt-sc-image-caption type3' data-delay='0'><div class='dt-sc-image-wrapper'><img loading=\"lazy\" decoding=\"async\" width=\"1500\" height=\"800\" src=\"https:\/\/dragonkargo.com\/wp-content\/uploads\/2024\/01\/container-cargo-ship-freight-shipping-unloading-original-destination-port-with-quay-crane-business-commercial-global-oversea-logistic-import-export-container-box-by-container-vessel-1-e1705907606817.jpg\" class=\"attachment-full\" alt=\"\" title=\"container-cargo-ship-freight-shipping-unloading-original-destination-port-with-quay-crane-business-commercial-global-oversea-logistic-import-export-container-box-by-container-gemi (1)\" srcset=\"https:\/\/dragonkargo.com\/wp-content\/uploads\/2024\/01\/container-cargo-ship-freight-shipping-unloading-original-destination-port-with-quay-crane-business-commercial-global-oversea-logistic-import-export-container-box-by-container-vessel-1-e1705907606817.jpg 1500w, https:\/\/dragonkargo.com\/wp-content\/uploads\/2024\/01\/container-cargo-ship-freight-shipping-unloading-original-destination-port-with-quay-crane-business-commercial-global-oversea-logistic-import-export-container-box-by-container-vessel-1-e1705907606817-300x160.jpg 300w, https:\/\/dragonkargo.com\/wp-content\/uploads\/2024\/01\/container-cargo-ship-freight-shipping-unloading-original-destination-port-with-quay-crane-business-commercial-global-oversea-logistic-import-export-container-box-by-container-vessel-1-e1705907606817-1024x546.jpg 1024w, https:\/\/dragonkargo.com\/wp-content\/uploads\/2024\/01\/container-cargo-ship-freight-shipping-unloading-original-destination-port-with-quay-crane-business-commercial-global-oversea-logistic-import-export-container-box-by-container-vessel-1-e1705907606817-768x410.jpg 768w, https:\/\/dragonkargo.com\/wp-content\/uploads\/2024\/01\/container-cargo-ship-freight-shipping-unloading-original-destination-port-with-quay-crane-business-commercial-global-oversea-logistic-import-export-container-box-by-container-vessel-1-e1705907606817-750x400.jpg 750w, https:\/\/dragonkargo.com\/wp-content\/uploads\/2024\/01\/container-cargo-ship-freight-shipping-unloading-original-destination-port-with-quay-crane-business-commercial-global-oversea-logistic-import-export-container-box-by-container-vessel-1-e1705907606817-540x288.jpg 540w, https:\/\/dragonkargo.com\/wp-content\/uploads\/2024\/01\/container-cargo-ship-freight-shipping-unloading-original-destination-port-with-quay-crane-business-commercial-global-oversea-logistic-import-export-container-box-by-container-vessel-1-e1705907606817-1000x533.jpg 1000w\" sizes=\"(max-width: 1500px) 100vw, 1500px\" \/><div class='icon-wrapper'><a href=\"https:\/\/dragonkargo.com\/tr\/service-details\/ocean-freight\/\" target=\"_blank\" title=\"Deniz Ta\u015f\u0131mac\u0131l\u0131\u011f\u0131\"><img loading=\"lazy\" decoding=\"async\" width=\"113\" height=\"65\" src=\"https:\/\/dragonkargo.com\/wp-content\/uploads\/2019\/04\/blog-hover.png\" class=\"attachment-full\" alt=\"\" title=\"blog-hover\" \/><\/a><\/div><\/div><div class='dt-sc-image-content'><div class='dt-sc-image-title'><h3><a href=\"https:\/\/dragonkargo.com\/tr\/service-details\/ocean-freight\/\" target=\"_blank\" title=\"Deniz Ta\u015f\u0131mac\u0131l\u0131\u011f\u0131\">Deniz Ta\u015f\u0131mac\u0131l\u0131\u011f\u0131<\/a><\/h3><\/div><p>S\u00fcrekli geli\u015fen lojistik ortam\u0131nda karayolu ta\u015f\u0131mac\u0131l\u0131\u011f\u0131, i\u015fletmeleri birbirine ba\u011flayan ve mallar\u0131n kesintisiz hareketini kolayla\u015ft\u0131ran kritik bir arter olarak duruyor.<\/p>\n<p><a href='https:\/\/dragonkargo.com\/tr\/service-details\/ocean-freight\/' target='_blank' title='' class='dt-sc-button   medium   filled fully-rounded-corner' data-delay='0' > daha fazla oku <\/a><\/p><\/div><\/div><\/div><\/div><\/div><div class=\"wpb_column vc_column_container vc_col-sm-4\"><div class=\"vc_column-inner\"><div class=\"wpb_wrapper\"><div class='dt-sc-image-caption type3' data-delay='0'><div class='dt-sc-image-wrapper'><img loading=\"lazy\" decoding=\"async\" width=\"1500\" height=\"800\" src=\"https:\/\/dragonkargo.com\/wp-content\/uploads\/2024\/01\/large-truck-delivers-goods-boxes-open-hold-cargo-plane-1-e1705907652958.jpg\" class=\"attachment-full\" alt=\"\" title=\"b\u00fcy\u00fck-kamyon-teslim-mal-kutular\u0131-a\u00e7\u0131k-bekletme-kargo-u\u00e7a\u011f\u0131 (1)\" srcset=\"https:\/\/dragonkargo.com\/wp-content\/uploads\/2024\/01\/large-truck-delivers-goods-boxes-open-hold-cargo-plane-1-e1705907652958.jpg 1500w, https:\/\/dragonkargo.com\/wp-content\/uploads\/2024\/01\/large-truck-delivers-goods-boxes-open-hold-cargo-plane-1-e1705907652958-300x160.jpg 300w, https:\/\/dragonkargo.com\/wp-content\/uploads\/2024\/01\/large-truck-delivers-goods-boxes-open-hold-cargo-plane-1-e1705907652958-1024x546.jpg 1024w, https:\/\/dragonkargo.com\/wp-content\/uploads\/2024\/01\/large-truck-delivers-goods-boxes-open-hold-cargo-plane-1-e1705907652958-768x410.jpg 768w, https:\/\/dragonkargo.com\/wp-content\/uploads\/2024\/01\/large-truck-delivers-goods-boxes-open-hold-cargo-plane-1-e1705907652958-750x400.jpg 750w, https:\/\/dragonkargo.com\/wp-content\/uploads\/2024\/01\/large-truck-delivers-goods-boxes-open-hold-cargo-plane-1-e1705907652958-540x288.jpg 540w, https:\/\/dragonkargo.com\/wp-content\/uploads\/2024\/01\/large-truck-delivers-goods-boxes-open-hold-cargo-plane-1-e1705907652958-1000x533.jpg 1000w\" sizes=\"(max-width: 1500px) 100vw, 1500px\" \/><div class='icon-wrapper'><a href=\"https:\/\/dragonkargo.com\/tr\/service-details\/air-freight\/\" target=\"_blank\" title=\"Hava Ta\u015f\u0131mac\u0131l\u0131\u011f\u0131\"><img loading=\"lazy\" decoding=\"async\" width=\"113\" height=\"65\" src=\"https:\/\/dragonkargo.com\/wp-content\/uploads\/2019\/04\/blog-hover.png\" class=\"attachment-full\" alt=\"\" title=\"blog-hover\" \/><\/a><\/div><\/div><div class='dt-sc-image-content'><div class='dt-sc-image-title'><h3><a href=\"https:\/\/dragonkargo.com\/tr\/service-details\/air-freight\/\" target=\"_blank\" title=\"Hava Ta\u015f\u0131mac\u0131l\u0131\u011f\u0131\">Hava Ta\u015f\u0131mac\u0131l\u0131\u011f\u0131<\/a><\/h3><\/div><p>Dragonkargo&#039;da, m\u00fc\u015fteri deste\u011fine, zaman\u0131nda teslimata ve d\u00fcnya \u00e7ap\u0131nda kapsama alan\u0131na \u00f6ncelik veren birinci s\u0131n\u0131f hava ta\u015f\u0131mac\u0131l\u0131\u011f\u0131 hizmetleri sunmaktan gurur duyuyoruz.<\/p>\n<p><a href='https:\/\/dragonkargo.com\/tr\/service-details\/air-freight\/' target='_blank' title='' class='dt-sc-button   medium   filled fully-rounded-corner' data-delay='0' > daha fazla oku <\/a><\/p><\/div><\/div><\/div><\/div><\/div><\/div><div id=\"1554367726463-7020f3ed-c9eb\" class=\"dt-sc-empty-space\"><\/div><\/div><\/div><\/div><\/div><div  data-delay=\"0\" data-vc-full-width=\"true\" data-vc-full-width-init=\"false\" class=\"vc_row wpb_row vc_row-fluid dt-sc-custom-bg vc_custom_1554374308747 vc_row-has-fill\"><div class=\"wpb_column vc_column_container vc_col-sm-12\" data-delay=\"0\"><div class=\"vc_column-inner\"><div class=\"wpb_wrapper\"><div id=\"1554373637435-c32768b5-3611\" class=\"dt-sc-empty-space\"><\/div><h3 style=\"font-size: 30px;color: #40404a;text-align: center\" class=\"vc_custom_heading medium vc_custom_1554957084179\" >\u015eimdi Bizi Aray\u0131n<\/h3><div id=\"uvc-type-wrap-2504\"  data-ultimate-target='#uvc-type-wrap-2504'  data-responsive-json-new='{\"font-size\":\"desktop:70px;\",\"line-height\":\"\"}'  class=\"uvc-type-wrap  ult-adjust-bottom-margin ult-responsive  uvc-type-align-center  uvc-wrap-199192138269e24e4874dd0\" style=\"text-align:center;\"><span  data-ultimate-target='#uvc-type-wrap-2504 .mycustfancy'  data-responsive-json-new='{\"font-size\":\"desktop:70px;\",\"line-height\":\"\"}'  class=\"ultimate-typewriter-prefix mycustfancy ult-responsive\" style=\"font-weight:normal;color:#40404a; text-transform: unset;\">(0090)<\/span><span id=\"typed-199192138269e24e4874dd0\" class=\"ultimate-typed-main\" style=\"color:#ff5d1b; font-weight:normal; text-transform: unset;\"><\/span><script type=\"text\/javascript\"> \r\n\t\t\t\t\t\tjQuery(function($){ \r\n\t\t\t\t\t\t\t$(document).ready(function(){\r\n\t\t\t\t\t\t\t\tif( typeof jQuery(\"#typed-199192138269e24e4874dd0\").typed == \"function\"){\r\n\t\t\t\t\t\t\t\t\t$(\"#typed-199192138269e24e4874dd0\").typed({\r\n\t\t\t\t\t\t\t\t\t\tstrings: [\"5310111722\"],\r\n\t\t\t\t\t\t\t\t\t\ttypeSpeed: 50,\r\n\t\t\t\t\t\t\t\t\t\tbackSpeed: 50,\r\n\t\t\t\t\t\t\t\t\t\tstartDelay: 200,\r\n\t\t\t\t\t\t\t\t\t\tbackDelay: 1500,\r\n\t\t\t\t\t\t\t\t\t\tloop: true,\r\n\t\t\t\t\t\t\t\t\t\tloopCount: false,\r\n\t\t\t\t\t\t\t\t\t\tshowCursor: true,\r\n\t\t\t\t\t\t\t\t\t\tcursorChar: \"|\",\r\n\t\t\t\t\t\t\t\t\t\tattr: null\r\n\t\t\t\t\t\t\t\t\t});\r\n\t\t\t\t\t\t\t\t}\r\n\t\t\t\t\t\t\t});\r\n\t\t\t\t\t\t});\r\n\t\t\t\t\t<\/script><\/div>\r\n\t<div class=\"wpb_text_column wpb_content_element\" >\r\n\t\t<div class=\"wpb_wrapper\">\r\n\t\t\t<p style=\"text-align: center; font-size: 21px;\"><strong>7\/24 Yard\u0131ma A\u00e7\u0131\u011f\u0131z<\/strong><\/p>\n\r\n\t\t<\/div>\r\n\t<\/div>\r\n<div id=\"1554373762510-b0a7c916-a428\" class=\"dt-sc-empty-space\"><\/div><\/div><\/div><\/div><\/div><div class=\"vc_row-full-width vc_clearfix\"><\/div><!-- Row Backgrounds --><div class=\"upb_bg_img\" data-ultimate-bg=\"https:\/\/dragonkargo.com\/wp-content\/uploads\/2019\/04\/bg2.png,https:\/\/dragonkargo.com\/wp-content\/uploads\/2019\/04\/bg3.png\" data-ultimate-bg-style=\"vcpb-fs-jquery\" data-bg-img-repeat=\"repeat\" data-bg-img-size=\"cover\" data-bg-img-position=\"\" data-parallx_sense=\"30\" data-bg-override=\"0\" data-bg_img_attach=\"scroll\" data-upb-overlay-color=\"\" data-upb-bg-animation=\"\" data-fadeout=\"\" data-fadeout-percentage=\"30\" data-parallax-content=\"\" data-parallax-content-sense=\"30\" data-row-effect-mobile-disable=\"true\" data-img-parallax-mobile-disable=\"true\" data-rtl=\"false\"  data-custom-vc-row=\"\"  data-vc=\"7.3\"  data-is_old_vc=\"\"  data-theme-support=\"\"   data-overlay=\"false\" data-overlay-color=\"\" data-overlay-pattern=\"\" data-overlay-pattern-opacity=\"\" data-overlay-pattern-size=\"\"    ><\/div>\n<\/div>","protected":false},"excerpt":{"rendered":"Road FreightIn the dynamic world of global trade,efficient logistics and reliable cargo services play a pivotal role in connecting businesses across continents. Read More Ocean FreightIn the ever-evolving landscape of logistics, road freight stands as a critical artery, connecting businesses and facilitating the seamless movement of goods. Read More Air FreightAt DRAGONKARGO, we take pride [...]","protected":false},"author":1,"featured_media":0,"parent":0,"menu_order":0,"comment_status":"closed","ping_status":"closed","template":"","meta":{"footnotes":"","_joinchat":[]},"_links":{"self":[{"href":"https:\/\/dragonkargo.com\/tr\/wp-json\/wp\/v2\/pages\/19577"}],"collection":[{"href":"https:\/\/dragonkargo.com\/tr\/wp-json\/wp\/v2\/pages"}],"about":[{"href":"https:\/\/dragonkargo.com\/tr\/wp-json\/wp\/v2\/types\/page"}],"author":[{"embeddable":true,"href":"https:\/\/dragonkargo.com\/tr\/wp-json\/wp\/v2\/users\/1"}],"replies":[{"embeddable":true,"href":"https:\/\/dragonkargo.com\/tr\/wp-json\/wp\/v2\/comments?post=19577"}],"version-history":[{"count":12,"href":"https:\/\/dragonkargo.com\/tr\/wp-json\/wp\/v2\/pages\/19577\/revisions"}],"predecessor-version":[{"id":21176,"href":"https:\/\/dragonkargo.com\/tr\/wp-json\/wp\/v2\/pages\/19577\/revisions\/21176"}],"wp:attachment":[{"href":"https:\/\/dragonkargo.com\/tr\/wp-json\/wp\/v2\/media?parent=19577"}],"curies":[{"name":"wp","href":"https:\/\/api.w.org\/{rel}","templated":true}]}}