{"id":19600,"date":"2019-04-04T11:10:51","date_gmt":"2019-04-04T11:10:51","guid":{"rendered":"https:\/\/dragonkargo.com\/?page_id=19600"},"modified":"2024-01-23T07:53:20","modified_gmt":"2024-01-23T07:53:20","slug":"ocean-freight","status":"publish","type":"page","link":"https:\/\/dragonkargo.com\/tr\/services\/ocean-freight\/","title":{"rendered":"Deniz Ta\u015f\u0131mac\u0131l\u0131\u011f\u0131"},"content":{"rendered":"<div class=\"wpb-content-wrapper\"><div  data-delay=\"0\" class=\"vc_row wpb_row vc_row-fluid\"><div class=\"wpb_column vc_column_container vc_col-sm-12\" data-delay=\"0\"><div class=\"vc_column-inner\"><div class=\"wpb_wrapper\"><div class='dt-sc-title with-separator-bottom' data-delay='0'><h2 class='dt-sc-main-heading'>DEN\u0130Z TA\u015eIMACILI\u011eI SEVK\u0130YATI<\/h2><h3 class='dt-sc-sub-heading'><\/h3><\/div><div id=\"1554378474438-46f91ff1-a5e8\" class=\"dt-sc-empty-space\"><\/div>\r\n\t<div class=\"wpb_text_column wpb_content_element  vc_custom_1705990248732\" >\r\n\t\t<div class=\"wpb_wrapper\">\r\n\t\t\t<p>K\u00fcresel ticaretin dinamik d\u00fcnyas\u0131nda, verimli lojistik ve g\u00fcvenilir kargo hizmetleri, k\u0131talar aras\u0131 i\u015fletmeleri birbirine ba\u011flamada \u00f6nemli bir rol oynamaktad\u0131r. <strong>DragonKargo<\/strong>, g\u00fc\u00e7 ve g\u00fcvenilirlikle e\u015fanlaml\u0131 bir isim, kargo end\u00fcstrisinde lider bir oyuncu olarak \u00f6ne \u00e7\u0131k\u0131yor. Bu makale, Dragonkargo&#039;nun deniz ta\u015f\u0131mac\u0131l\u0131\u011f\u0131 hizmetlerinin \u00f6z\u00fcn\u00fc inceleyerek, \u015firketin deniz ta\u015f\u0131mac\u0131l\u0131\u011f\u0131n\u0131n engin geni\u015fli\u011finde nas\u0131l dalgalar yaratt\u0131\u011f\u0131n\u0131 ara\u015ft\u0131r\u0131yor.<\/p>\n\r\n\t\t<\/div>\r\n\t<\/div>\r\n\r\n\t<div class=\"wpb_text_column wpb_content_element  vc_custom_1705990341494\" >\r\n\t\t<div class=\"wpb_wrapper\">\r\n\t\t\t<p>Okyanus ta\u015f\u0131mac\u0131l\u0131\u011f\u0131, mallar\u0131 k\u00fcresel \u00f6l\u00e7ekte ta\u015f\u0131man\u0131n vazge\u00e7ilmez bir yolu olmaya devam ediyor ve DragonKargo, kargonuzun var\u0131\u015f noktas\u0131na sorunsuz bir \u015fekilde ula\u015fmas\u0131n\u0131 sa\u011flamak i\u00e7in a\u00e7\u0131k denizlerde gezinme sanat\u0131n\u0131 m\u00fckemmelle\u015ftirdi.<\/p>\n\r\n\t\t<\/div>\r\n\t<\/div>\r\n<div class=\"vc_row wpb_row vc_inner vc_row-fluid\"><div class=\"shutter-effect figure-img wpb_column vc_column_container vc_col-sm-6\"><div class=\"vc_column-inner\"><div class=\"wpb_wrapper\">\n\t<div  class=\"wpb_single_image wpb_content_element vc_align_left  vc_custom_1705990049692  dt_img-border-radius\">\n\t\t\n\t\t<figure class=\"wpb_wrapper vc_figure\">\n\t\t\t<a class=\"\" data-lightbox=\"lightbox[rel-19600-2117314944]\" href=\"https:\/\/dragonkargo.com\/wp-content\/uploads\/2024\/01\/international-container-cargo-ship-harborfreight-transportation-shipping-ai-generative-1024x683.jpg\" target=\"_self\"><img loading=\"lazy\" decoding=\"async\" width=\"1500\" height=\"1000\" src=\"https:\/\/dragonkargo.com\/wp-content\/uploads\/2024\/01\/international-container-cargo-ship-harborfreight-transportation-shipping-ai-generative.jpg\" class=\"vc_single_image-img attachment-full\" alt=\"\" title=\"uluslararas\u0131-konteyner-kargo-gemisi-harborfreight-nakliye-nakliye-a\u0131-\u00fcretken\" srcset=\"https:\/\/dragonkargo.com\/wp-content\/uploads\/2024\/01\/international-container-cargo-ship-harborfreight-transportation-shipping-ai-generative.jpg 1500w, https:\/\/dragonkargo.com\/wp-content\/uploads\/2024\/01\/international-container-cargo-ship-harborfreight-transportation-shipping-ai-generative-300x200.jpg 300w, https:\/\/dragonkargo.com\/wp-content\/uploads\/2024\/01\/international-container-cargo-ship-harborfreight-transportation-shipping-ai-generative-1024x683.jpg 1024w, https:\/\/dragonkargo.com\/wp-content\/uploads\/2024\/01\/international-container-cargo-ship-harborfreight-transportation-shipping-ai-generative-768x512.jpg 768w, https:\/\/dragonkargo.com\/wp-content\/uploads\/2024\/01\/international-container-cargo-ship-harborfreight-transportation-shipping-ai-generative-750x500.jpg 750w, https:\/\/dragonkargo.com\/wp-content\/uploads\/2024\/01\/international-container-cargo-ship-harborfreight-transportation-shipping-ai-generative-570x380.jpg 570w, https:\/\/dragonkargo.com\/wp-content\/uploads\/2024\/01\/international-container-cargo-ship-harborfreight-transportation-shipping-ai-generative-600x400.jpg 600w, https:\/\/dragonkargo.com\/wp-content\/uploads\/2024\/01\/international-container-cargo-ship-harborfreight-transportation-shipping-ai-generative-540x360.jpg 540w, https:\/\/dragonkargo.com\/wp-content\/uploads\/2024\/01\/international-container-cargo-ship-harborfreight-transportation-shipping-ai-generative-1000x667.jpg 1000w\" sizes=\"(max-width: 1500px) 100vw, 1500px\" \/><\/a>\n\t\t<\/figure>\n\t<\/div>\n<\/div><\/div><\/div><div class=\"shutter-effect figure-img wpb_column vc_column_container vc_col-sm-6\"><div class=\"vc_column-inner\"><div class=\"wpb_wrapper\">\n\t<div  class=\"wpb_single_image wpb_content_element vc_align_left  vc_custom_1705990061103  dt_img-border-radius\">\n\t\t\n\t\t<figure class=\"wpb_wrapper vc_figure\">\n\t\t\t<a class=\"\" data-lightbox=\"lightbox[rel-19600-140322274]\" href=\"https:\/\/dragonkargo.com\/wp-content\/uploads\/2024\/01\/industrial-port-de-barcelona-e1705990121132.jpg\" target=\"_self\"><img loading=\"lazy\" decoding=\"async\" width=\"738\" height=\"475\" src=\"https:\/\/dragonkargo.com\/wp-content\/uploads\/2024\/01\/industrial-port-de-barcelona-e1705990121132.jpg\" class=\"vc_single_image-img attachment-full\" alt=\"\" title=\"end\u00fcstriyel-port-de-barselona\" srcset=\"https:\/\/dragonkargo.com\/wp-content\/uploads\/2024\/01\/industrial-port-de-barcelona-e1705990121132.jpg 738w, https:\/\/dragonkargo.com\/wp-content\/uploads\/2024\/01\/industrial-port-de-barcelona-e1705990121132-300x193.jpg 300w, https:\/\/dragonkargo.com\/wp-content\/uploads\/2024\/01\/industrial-port-de-barcelona-e1705990121132-540x348.jpg 540w\" sizes=\"(max-width: 738px) 100vw, 738px\" \/><\/a>\n\t\t<\/figure>\n\t<\/div>\n<div id=\"1554446551112-ac4c0e24-1531\" class=\"dt-sc-empty-space\"><\/div>\n\t<div  class=\"wpb_single_image wpb_content_element vc_align_left  vc_custom_1705990075639  dt_img-border-radius\">\n\t\t\n\t\t<figure class=\"wpb_wrapper vc_figure\">\n\t\t\t<a class=\"\" data-lightbox=\"lightbox[rel-19600-4064052274]\" href=\"https:\/\/dragonkargo.com\/wp-content\/uploads\/2024\/01\/aerial-view-container-cargo-ship-sea-1024x683.jpg\" target=\"_self\"><img loading=\"lazy\" decoding=\"async\" width=\"1500\" height=\"1000\" src=\"https:\/\/dragonkargo.com\/wp-content\/uploads\/2024\/01\/aerial-view-container-cargo-ship-sea.jpg\" class=\"vc_single_image-img attachment-full\" alt=\"\" title=\"havadan g\u00f6r\u00fcn\u00fcm-konteyner-kargo-gemi-deniz\" srcset=\"https:\/\/dragonkargo.com\/wp-content\/uploads\/2024\/01\/aerial-view-container-cargo-ship-sea.jpg 1500w, https:\/\/dragonkargo.com\/wp-content\/uploads\/2024\/01\/aerial-view-container-cargo-ship-sea-300x200.jpg 300w, https:\/\/dragonkargo.com\/wp-content\/uploads\/2024\/01\/aerial-view-container-cargo-ship-sea-1024x683.jpg 1024w, https:\/\/dragonkargo.com\/wp-content\/uploads\/2024\/01\/aerial-view-container-cargo-ship-sea-768x512.jpg 768w, https:\/\/dragonkargo.com\/wp-content\/uploads\/2024\/01\/aerial-view-container-cargo-ship-sea-750x500.jpg 750w, https:\/\/dragonkargo.com\/wp-content\/uploads\/2024\/01\/aerial-view-container-cargo-ship-sea-570x380.jpg 570w, https:\/\/dragonkargo.com\/wp-content\/uploads\/2024\/01\/aerial-view-container-cargo-ship-sea-600x400.jpg 600w, https:\/\/dragonkargo.com\/wp-content\/uploads\/2024\/01\/aerial-view-container-cargo-ship-sea-540x360.jpg 540w, https:\/\/dragonkargo.com\/wp-content\/uploads\/2024\/01\/aerial-view-container-cargo-ship-sea-1000x667.jpg 1000w\" sizes=\"(max-width: 1500px) 100vw, 1500px\" \/><\/a>\n\t\t<\/figure>\n\t<\/div>\n<\/div><\/div><\/div><\/div><div id=\"1554378090132-bf7716d6-968d\" class=\"dt-sc-empty-space\"><\/div><div class='dt-sc-icon-box type4 rounded-border alignright' data-delay='0' ><div class=\"icon-wrapper\"><img loading=\"lazy\" decoding=\"async\" width=\"60\" height=\"60\" src=\"https:\/\/dragonkargo.com\/wp-content\/uploads\/2019\/04\/icon9.png\" class=\"attachment-full\" alt=\"\" title=\"simge9\" \/><\/div><div class=\"icon-content\"><h4>Uygun Maliyetli \u00c7\u00f6z\u00fcm:<\/h4><p>Denizyolu ta\u015f\u0131mac\u0131l\u0131\u011f\u0131, di\u011fer ula\u015f\u0131m modlar\u0131na k\u0131yasla maliyet etkinli\u011fi ile \u00fcnl\u00fcd\u00fcr. <strong>DragonKargo<\/strong> hizmet kalitesinden \u00f6d\u00fcn vermeden rekabet\u00e7i fiyatlar sunarak bu avantajdan yararlan\u0131r. \u015eirket, nakliye maliyetlerini i\u015fletmeler i\u00e7in y\u00f6netilebilir tutman\u0131n ve karl\u0131l\u0131\u011f\u0131n artmas\u0131na katk\u0131da bulunman\u0131n \u00f6nemini anl\u0131yor.<\/p><\/div><\/div><div class='dt-sc-icon-box type4 rounded-border' data-delay='0' ><div class=\"icon-wrapper\"><img loading=\"lazy\" decoding=\"async\" width=\"60\" height=\"60\" src=\"https:\/\/dragonkargo.com\/wp-content\/uploads\/2019\/04\/icon7-1.png\" class=\"attachment-full\" alt=\"\" title=\"simge7\" \/><\/div><div class=\"icon-content\"><h4>G\u00fcvenilirlik ve G\u00fcvenlik:<\/h4><p><strong>DragonKargo<\/strong> kargonuzun g\u00fcvenli\u011fine prim verir. Titiz planlama ve sa\u011flam g\u00fcvenlik \u00f6nlemleri sayesinde \u015firket, deniz ta\u015f\u0131mac\u0131l\u0131\u011f\u0131 ile ilgili riskleri en aza indirerek m\u00fc\u015fterilere g\u00f6n\u00fcl rahatl\u0131\u011f\u0131 sa\u011flar. G\u00fcvenli paketlemeden ger\u00e7ek zamanl\u0131 izlemeye kadar DragonKargo, g\u00f6nderilerinizin yolculuklar\u0131 boyunca emin ellerde olmas\u0131n\u0131 sa\u011flar.<\/p><\/div><\/div><div class='dt-sc-icon-box type4 rounded-border alignright' data-delay='0' ><div class=\"icon-wrapper\"><img loading=\"lazy\" decoding=\"async\" width=\"60\" height=\"60\" src=\"https:\/\/dragonkargo.com\/wp-content\/uploads\/2019\/04\/icon11.png\" class=\"attachment-full\" alt=\"\" title=\"simge11\" \/><\/div><div class=\"icon-content\"><h4>K\u00fcresel Eri\u015fim:<\/h4><p><strong>DragonKargo<\/strong>denizyolu ta\u015f\u0131mac\u0131l\u0131\u011f\u0131 hizmetleri, d\u00fcnya \u00e7ap\u0131ndaki b\u00fcy\u00fck limanlara yay\u0131larak kargonuzun neredeyse her var\u0131\u015f noktas\u0131na ula\u015fmas\u0131n\u0131 sa\u011flar. Geni\u015f nakliye yollar\u0131 ve ortakl\u0131klar a\u011f\u0131, kapsaml\u0131 kapsama alan\u0131 sa\u011flayarak dragonkargo&#039;yu \u00e7e\u015fitli uluslararas\u0131 nakliye ihtiya\u00e7lar\u0131 olan i\u015fletmeler i\u00e7in tercih edilen bir se\u00e7im haline getirir.<\/p><\/div><\/div><\/div><\/div><\/div><\/div>\n<\/div>","protected":false},"excerpt":{"rendered":"OCEAN FREIGHT SHIPMENT In the dynamic world of global trade, efficient logistics and reliable cargo services play a pivotal role in connecting businesses across continents. DragonKargo, a name synonymous with strength and reliability, stands tall as a leading player in the cargo industry. This article delves into the essence of DragonKargo's ocean freight services, exploring [...]","protected":false},"author":1,"featured_media":0,"parent":19577,"menu_order":0,"comment_status":"closed","ping_status":"closed","template":"tpl-sidenavigation.php","meta":{"footnotes":"","_joinchat":[]},"_links":{"self":[{"href":"https:\/\/dragonkargo.com\/tr\/wp-json\/wp\/v2\/pages\/19600"}],"collection":[{"href":"https:\/\/dragonkargo.com\/tr\/wp-json\/wp\/v2\/pages"}],"about":[{"href":"https:\/\/dragonkargo.com\/tr\/wp-json\/wp\/v2\/types\/page"}],"author":[{"embeddable":true,"href":"https:\/\/dragonkargo.com\/tr\/wp-json\/wp\/v2\/users\/1"}],"replies":[{"embeddable":true,"href":"https:\/\/dragonkargo.com\/tr\/wp-json\/wp\/v2\/comments?post=19600"}],"version-history":[{"count":3,"href":"https:\/\/dragonkargo.com\/tr\/wp-json\/wp\/v2\/pages\/19600\/revisions"}],"predecessor-version":[{"id":21040,"href":"https:\/\/dragonkargo.com\/tr\/wp-json\/wp\/v2\/pages\/19600\/revisions\/21040"}],"up":[{"embeddable":true,"href":"https:\/\/dragonkargo.com\/tr\/wp-json\/wp\/v2\/pages\/19577"}],"wp:attachment":[{"href":"https:\/\/dragonkargo.com\/tr\/wp-json\/wp\/v2\/media?parent=19600"}],"curies":[{"name":"wp","href":"https:\/\/api.w.org\/{rel}","templated":true}]}}