{"id":19603,"date":"2019-04-04T11:12:10","date_gmt":"2019-04-04T11:12:10","guid":{"rendered":"https:\/\/dragonkargo.com\/?page_id=19603"},"modified":"2024-01-23T07:51:12","modified_gmt":"2024-01-23T07:51:12","slug":"air-freight","status":"publish","type":"page","link":"https:\/\/dragonkargo.com\/tr\/services\/air-freight\/","title":{"rendered":"Hava Ta\u015f\u0131mac\u0131l\u0131\u011f\u0131"},"content":{"rendered":"<div class=\"wpb-content-wrapper\"><div  data-delay=\"0\" class=\"vc_row wpb_row vc_row-fluid\"><div class=\"wpb_column vc_column_container vc_col-sm-12\" data-delay=\"0\"><div class=\"vc_column-inner\"><div class=\"wpb_wrapper\"><div class='dt-sc-title with-separator-bottom' data-delay='0'><h2 class='dt-sc-main-heading'>HAVA KARGO TA\u015eIMACILI\u011eI<\/h2><h3 class='dt-sc-sub-heading'><\/h3><\/div><div id=\"1554378474438-46f91ff1-a5e8\" class=\"dt-sc-empty-space\"><\/div>\r\n\t<div class=\"wpb_text_column wpb_content_element  vc_custom_1705989069951\" >\r\n\t\t<div class=\"wpb_wrapper\">\r\n\t\t\t<p>Yan\u0131nda\u00a0<a class=\"linkify1 cursor-pointer\" data-title=\"www.google.com\/search?q=DRAGONKARGO\"><span class=\"linkify2-link-inner-text\">DRAGONKARGO<\/span><\/a>m\u00fc\u015fteri deste\u011fine, zaman\u0131nda teslimata ve d\u00fcnya \u00e7ap\u0131nda kapsama alan\u0131na \u00f6ncelik veren birinci s\u0131n\u0131f hava ta\u015f\u0131mac\u0131l\u0131\u011f\u0131 hizmetleri sunmaktan gurur duyuyoruz. Geni\u015f a\u011f\u0131m\u0131z ve m\u00fckemmelli\u011fe olan ba\u011fl\u0131l\u0131\u011f\u0131m\u0131zla, kargonuzun var\u0131\u015f noktas\u0131na verimli ve g\u00fcvenli bir \u015fekilde ula\u015fmas\u0131n\u0131 sa\u011fl\u0131yoruz.<\/p>\n\r\n\t\t<\/div>\r\n\t<\/div>\r\n<div class=\"vc_row wpb_row vc_inner vc_row-fluid\"><div class=\"shutter-effect figure-img wpb_column vc_column_container vc_col-sm-6\"><div class=\"vc_column-inner\"><div class=\"wpb_wrapper\">\n\t<div  class=\"wpb_single_image wpb_content_element vc_align_left  vc_custom_1705988692590  dt_img-border-radius\">\n\t\t\n\t\t<figure class=\"wpb_wrapper vc_figure\">\n\t\t\t<a class=\"\" data-lightbox=\"lightbox[rel-19603-67250998]\" href=\"https:\/\/dragonkargo.com\/wp-content\/uploads\/2024\/01\/cargo-plane-flying-stack-containers-container-port.jpg\" target=\"_self\"><img loading=\"lazy\" decoding=\"async\" width=\"1000\" height=\"750\" src=\"https:\/\/dragonkargo.com\/wp-content\/uploads\/2024\/01\/cargo-plane-flying-stack-containers-container-port.jpg\" class=\"vc_single_image-img attachment-full\" alt=\"\" title=\"kargo-u\u00e7ak-u\u00e7an-y\u0131\u011f\u0131n-konteynerler-konteyner-liman\" srcset=\"https:\/\/dragonkargo.com\/wp-content\/uploads\/2024\/01\/cargo-plane-flying-stack-containers-container-port.jpg 1000w, https:\/\/dragonkargo.com\/wp-content\/uploads\/2024\/01\/cargo-plane-flying-stack-containers-container-port-300x225.jpg 300w, https:\/\/dragonkargo.com\/wp-content\/uploads\/2024\/01\/cargo-plane-flying-stack-containers-container-port-768x576.jpg 768w, https:\/\/dragonkargo.com\/wp-content\/uploads\/2024\/01\/cargo-plane-flying-stack-containers-container-port-750x563.jpg 750w, https:\/\/dragonkargo.com\/wp-content\/uploads\/2024\/01\/cargo-plane-flying-stack-containers-container-port-540x405.jpg 540w\" sizes=\"(max-width: 1000px) 100vw, 1000px\" \/><\/a>\n\t\t<\/figure>\n\t<\/div>\n<\/div><\/div><\/div><div class=\"shutter-effect figure-img wpb_column vc_column_container vc_col-sm-6\"><div class=\"vc_column-inner\"><div class=\"wpb_wrapper\">\n\t<div  class=\"wpb_single_image wpb_content_element vc_align_left  vc_custom_1705988763432  dt_img-border-radius\">\n\t\t\n\t\t<figure class=\"wpb_wrapper vc_figure\">\n\t\t\t<a class=\"\" data-lightbox=\"lightbox[rel-19603-247183773]\" href=\"https:\/\/dragonkargo.com\/wp-content\/uploads\/2024\/01\/process-loading-goods-large-boxes-into-hold-cargo-plane.jpg\" target=\"_self\"><img loading=\"lazy\" decoding=\"async\" width=\"1000\" height=\"667\" src=\"https:\/\/dragonkargo.com\/wp-content\/uploads\/2024\/01\/process-loading-goods-large-boxes-into-hold-cargo-plane.jpg\" class=\"vc_single_image-img attachment-full\" alt=\"\" title=\"proses-y\u00fckleme-mallar\u0131-b\u00fcy\u00fck-kutular\u0131-ambar-kargo-d\u00fczlemine\" srcset=\"https:\/\/dragonkargo.com\/wp-content\/uploads\/2024\/01\/process-loading-goods-large-boxes-into-hold-cargo-plane.jpg 1000w, https:\/\/dragonkargo.com\/wp-content\/uploads\/2024\/01\/process-loading-goods-large-boxes-into-hold-cargo-plane-300x200.jpg 300w, https:\/\/dragonkargo.com\/wp-content\/uploads\/2024\/01\/process-loading-goods-large-boxes-into-hold-cargo-plane-768x512.jpg 768w, https:\/\/dragonkargo.com\/wp-content\/uploads\/2024\/01\/process-loading-goods-large-boxes-into-hold-cargo-plane-750x500.jpg 750w, https:\/\/dragonkargo.com\/wp-content\/uploads\/2024\/01\/process-loading-goods-large-boxes-into-hold-cargo-plane-570x380.jpg 570w, https:\/\/dragonkargo.com\/wp-content\/uploads\/2024\/01\/process-loading-goods-large-boxes-into-hold-cargo-plane-600x400.jpg 600w, https:\/\/dragonkargo.com\/wp-content\/uploads\/2024\/01\/process-loading-goods-large-boxes-into-hold-cargo-plane-540x360.jpg 540w\" sizes=\"(max-width: 1000px) 100vw, 1000px\" \/><\/a>\n\t\t<\/figure>\n\t<\/div>\n<div id=\"1554446551112-ac4c0e24-1531\" class=\"dt-sc-empty-space\"><\/div>\n\t<div  class=\"wpb_single_image wpb_content_element vc_align_left  vc_custom_1705988771952  dt_img-border-radius\">\n\t\t\n\t\t<figure class=\"wpb_wrapper vc_figure\">\n\t\t\t<a class=\"\" data-lightbox=\"lightbox[rel-19603-3829539463]\" href=\"https:\/\/dragonkargo.com\/wp-content\/uploads\/2024\/01\/large-truck-delivers-goods-boxes-open-hold-cargo-plane-1-e1705907652958-1024x546.jpg\" target=\"_self\"><img loading=\"lazy\" decoding=\"async\" width=\"1500\" height=\"800\" src=\"https:\/\/dragonkargo.com\/wp-content\/uploads\/2024\/01\/large-truck-delivers-goods-boxes-open-hold-cargo-plane-1-e1705907652958.jpg\" class=\"vc_single_image-img attachment-full\" alt=\"\" title=\"b\u00fcy\u00fck-kamyon-teslim-mal-kutular\u0131-a\u00e7\u0131k-bekletme-kargo-u\u00e7a\u011f\u0131 (1)\" srcset=\"https:\/\/dragonkargo.com\/wp-content\/uploads\/2024\/01\/large-truck-delivers-goods-boxes-open-hold-cargo-plane-1-e1705907652958.jpg 1500w, https:\/\/dragonkargo.com\/wp-content\/uploads\/2024\/01\/large-truck-delivers-goods-boxes-open-hold-cargo-plane-1-e1705907652958-300x160.jpg 300w, https:\/\/dragonkargo.com\/wp-content\/uploads\/2024\/01\/large-truck-delivers-goods-boxes-open-hold-cargo-plane-1-e1705907652958-1024x546.jpg 1024w, https:\/\/dragonkargo.com\/wp-content\/uploads\/2024\/01\/large-truck-delivers-goods-boxes-open-hold-cargo-plane-1-e1705907652958-768x410.jpg 768w, https:\/\/dragonkargo.com\/wp-content\/uploads\/2024\/01\/large-truck-delivers-goods-boxes-open-hold-cargo-plane-1-e1705907652958-750x400.jpg 750w, https:\/\/dragonkargo.com\/wp-content\/uploads\/2024\/01\/large-truck-delivers-goods-boxes-open-hold-cargo-plane-1-e1705907652958-540x288.jpg 540w, https:\/\/dragonkargo.com\/wp-content\/uploads\/2024\/01\/large-truck-delivers-goods-boxes-open-hold-cargo-plane-1-e1705907652958-1000x533.jpg 1000w\" sizes=\"(max-width: 1500px) 100vw, 1500px\" \/><\/a>\n\t\t<\/figure>\n\t<\/div>\n<\/div><\/div><\/div><\/div><div id=\"1554378090132-bf7716d6-968d\" class=\"dt-sc-empty-space\"><\/div><div class='dt-sc-icon-box type4 rounded-border alignright' data-delay='0' ><div class=\"icon-wrapper\"><img loading=\"lazy\" decoding=\"async\" width=\"60\" height=\"60\" src=\"https:\/\/dragonkargo.com\/wp-content\/uploads\/2019\/04\/icon7-1.png\" class=\"attachment-full\" alt=\"\" title=\"simge7\" \/><\/div><div class=\"icon-content\"><h4>M\u00fc\u015fteri Deste\u011fi:<\/h4><p>Hava ta\u015f\u0131mac\u0131l\u0131\u011f\u0131 hizmetlerimizin merkezinde, ola\u011fan\u00fcst\u00fc m\u00fc\u015fteri deste\u011fi sa\u011flamaya olan ba\u011fl\u0131l\u0131\u011f\u0131m\u0131z yer almaktad\u0131r. Her g\u00f6nderinin benzersiz oldu\u011funu anl\u0131yoruz ve hizmetlerimizi \u00f6zel gereksinimlerinizi kar\u015f\u0131layacak \u015fekilde uyarlamaya \u00e7al\u0131\u015f\u0131yoruz. Deneyimli profesyonellerden olu\u015fan ekibimiz, rezervasyondan teslimata kadar s\u00fcrecin her ad\u0131m\u0131nda size yard\u0131mc\u0131 olmaya haz\u0131rd\u0131r. M\u00fc\u015fterilerimizle g\u00fc\u00e7l\u00fc ili\u015fkiler kurmaya ve memnuniyetinizi sa\u011flamak i\u00e7in ki\u015fiselle\u015ftirilmi\u015f \u00e7\u00f6z\u00fcmler sunmaya inan\u0131yoruz.<\/p><\/div><\/div><div class='dt-sc-icon-box type4 rounded-border' data-delay='0' ><div class=\"icon-wrapper\"><img loading=\"lazy\" decoding=\"async\" width=\"60\" height=\"60\" src=\"https:\/\/dragonkargo.com\/wp-content\/uploads\/2019\/04\/icon12.png\" class=\"attachment-full\" alt=\"\" title=\"simge12\" \/><\/div><div class=\"icon-content\"><h4>Teslimat Zaman\u0131:<\/h4><p>Hava ta\u015f\u0131mac\u0131l\u0131\u011f\u0131 s\u00f6z konusu oldu\u011funda, zaman esast\u0131r. Zaman\u0131nda teslimat\u0131n \u00f6nemini anl\u0131yor ve kargonuzun var\u0131\u015f noktas\u0131na zaman\u0131nda ula\u015fmas\u0131n\u0131 sa\u011flamak i\u00e7in \u00f6zenle \u00e7al\u0131\u015f\u0131yoruz. Etkin lojistik s\u00fcre\u00e7lerimiz ve sayg\u0131n havayollar\u0131yla olan ortakl\u0131klar\u0131m\u0131zla h\u0131zl\u0131 ve g\u00fcvenilir teslimat hizmetleri sunuyoruz. Acil g\u00f6nderileriniz veya zamana duyarl\u0131 mallar\u0131n\u0131z olsun, g\u00fcvenebilirsiniz <strong>Dragonkargo<\/strong>\u00a0kargonuzu h\u0131zl\u0131 ve verimli bir \u015fekilde teslim etmek.<\/p><\/div><\/div><div class='dt-sc-icon-box type4 rounded-border alignright' data-delay='0' ><div class=\"icon-wrapper\"><img loading=\"lazy\" decoding=\"async\" width=\"60\" height=\"60\" src=\"https:\/\/dragonkargo.com\/wp-content\/uploads\/2019\/04\/icon11.png\" class=\"attachment-full\" alt=\"\" title=\"simge11\" \/><\/div><div class=\"icon-content\"><h4>D\u00fcnya \u00c7ap\u0131nda Hizmet:<\/h4><p><strong>Dragonkargo<\/strong> d\u00fcnya \u00e7ap\u0131nda kapsaml\u0131 hizmet sunmaktan gurur duyar. Ticaretin ve ticaretin k\u00fcresel do\u011fas\u0131n\u0131 anl\u0131yoruz ve geni\u015f a\u011f\u0131m\u0131z sizi d\u00fcnyan\u0131n d\u00f6rt bir yan\u0131ndaki destinasyonlara ba\u011flamam\u0131za olanak tan\u0131yor. Kargonuzu b\u00fcy\u00fck uluslararas\u0131 merkezlere veya uzak yerlere g\u00f6ndermeniz gerekip gerekmedi\u011fine bak\u0131lmaks\u0131z\u0131n, d\u00fcnya \u00e7ap\u0131ndaki hizmetimiz, nerede olursa olsun, mallar\u0131n\u0131z\u0131n hedeflerine ula\u015fmas\u0131n\u0131 sa\u011flar. G\u00fcmr\u00fck d\u00fczenlemeleri ve uluslararas\u0131 lojistik konusundaki uzmanl\u0131\u011f\u0131m\u0131zla, size sorunsuz bir deneyim sunmak i\u00e7in k\u00fcresel nakliyenin karma\u015f\u0131kl\u0131klar\u0131nda geziniyoruz.<\/p><\/div><\/div><\/div><\/div><\/div><\/div>\n<\/div>","protected":false},"excerpt":{"rendered":"AIR FREIGHT SHIPMENT At\u00a0DRAGONKARGO, we take pride in offering top-notch air freight services that prioritize customer support, timely delivery, and worldwide coverage. With our extensive network and commitment to excellence, we ensure that your cargo reaches its destination efficiently and securely. Customer Support:At the heart of our air freight services is our dedication to providing [...]","protected":false},"author":1,"featured_media":0,"parent":19577,"menu_order":0,"comment_status":"closed","ping_status":"closed","template":"tpl-sidenavigation.php","meta":{"footnotes":"","_joinchat":[]},"_links":{"self":[{"href":"https:\/\/dragonkargo.com\/tr\/wp-json\/wp\/v2\/pages\/19603"}],"collection":[{"href":"https:\/\/dragonkargo.com\/tr\/wp-json\/wp\/v2\/pages"}],"about":[{"href":"https:\/\/dragonkargo.com\/tr\/wp-json\/wp\/v2\/types\/page"}],"author":[{"embeddable":true,"href":"https:\/\/dragonkargo.com\/tr\/wp-json\/wp\/v2\/users\/1"}],"replies":[{"embeddable":true,"href":"https:\/\/dragonkargo.com\/tr\/wp-json\/wp\/v2\/comments?post=19603"}],"version-history":[{"count":4,"href":"https:\/\/dragonkargo.com\/tr\/wp-json\/wp\/v2\/pages\/19603\/revisions"}],"predecessor-version":[{"id":21032,"href":"https:\/\/dragonkargo.com\/tr\/wp-json\/wp\/v2\/pages\/19603\/revisions\/21032"}],"up":[{"embeddable":true,"href":"https:\/\/dragonkargo.com\/tr\/wp-json\/wp\/v2\/pages\/19577"}],"wp:attachment":[{"href":"https:\/\/dragonkargo.com\/tr\/wp-json\/wp\/v2\/media?parent=19603"}],"curies":[{"name":"wp","href":"https:\/\/api.w.org\/{rel}","templated":true}]}}