{"id":19666,"date":"2019-04-05T09:00:22","date_gmt":"2019-04-05T09:00:22","guid":{"rendered":"https:\/\/dragonkargo.com\/?page_id=19666"},"modified":"2024-01-22T13:19:05","modified_gmt":"2024-01-22T13:19:05","slug":"quote","status":"publish","type":"page","link":"https:\/\/dragonkargo.com\/tr\/quote\/","title":{"rendered":"Teklif Al"},"content":{"rendered":"<div class=\"wpb-content-wrapper\"><div  data-delay=\"0\" class=\"vc_row wpb_row vc_row-fluid\"><div class=\"wpb_column vc_column_container vc_col-sm-12\" data-delay=\"0\"><div class=\"vc_column-inner\"><div class=\"wpb_wrapper\"><div class='dt-sc-title with-separator-bottom  aligncenter' data-delay='0'><h2 class='dt-sc-main-heading'>Teklif \u0130ste<\/h2><h3 class='dt-sc-sub-heading'><\/h3><\/div><div id=\"1554367726463-7020f3ed-c9eb\" class=\"dt-sc-empty-space\"><\/div><\/div><\/div><\/div><\/div><div  data-delay=\"0\" data-vc-full-width=\"true\" data-vc-full-width-init=\"false\" data-vc-stretch-content=\"true\" class=\"vc_row wpb_row vc_row-fluid dt_quote-form-wrapper vc_row-no-padding vc_row-o-equal-height vc_row-flex\"><div class=\"shutter-effect wpb_column vc_column_container vc_col-sm-6\" data-delay=\"0\"><div class=\"vc_column-inner\"><div class=\"wpb_wrapper\"><img loading=\"lazy\" decoding=\"async\" width=\"1500\" height=\"1000\" src=\"https:\/\/dragonkargo.com\/wp-content\/uploads\/2024\/01\/medium-shot-smiley-man-warehouse.jpg\" class=\"alignleft dt_form-out-img attachment-full\" alt=\"\" title=\"orta-at\u0131\u015f-g\u00fclen-adam-depo\" srcset=\"https:\/\/dragonkargo.com\/wp-content\/uploads\/2024\/01\/medium-shot-smiley-man-warehouse.jpg 1500w, https:\/\/dragonkargo.com\/wp-content\/uploads\/2024\/01\/medium-shot-smiley-man-warehouse-300x200.jpg 300w, https:\/\/dragonkargo.com\/wp-content\/uploads\/2024\/01\/medium-shot-smiley-man-warehouse-1024x683.jpg 1024w, https:\/\/dragonkargo.com\/wp-content\/uploads\/2024\/01\/medium-shot-smiley-man-warehouse-768x512.jpg 768w, https:\/\/dragonkargo.com\/wp-content\/uploads\/2024\/01\/medium-shot-smiley-man-warehouse-750x500.jpg 750w, https:\/\/dragonkargo.com\/wp-content\/uploads\/2024\/01\/medium-shot-smiley-man-warehouse-570x380.jpg 570w, https:\/\/dragonkargo.com\/wp-content\/uploads\/2024\/01\/medium-shot-smiley-man-warehouse-600x400.jpg 600w, https:\/\/dragonkargo.com\/wp-content\/uploads\/2024\/01\/medium-shot-smiley-man-warehouse-540x360.jpg 540w, https:\/\/dragonkargo.com\/wp-content\/uploads\/2024\/01\/medium-shot-smiley-man-warehouse-1000x667.jpg 1000w\" sizes=\"(max-width: 1500px) 100vw, 1500px\" \/><\/div><\/div><\/div><div class=\"wpb_column vc_column_container vc_col-sm-6\" data-delay=\"0\"><div class=\"vc_column-inner\"><div class=\"wpb_wrapper\"><div class=\"vc_row wpb_row vc_inner vc_row-fluid\"><div class=\"dt_quote-form-sec wpb_column vc_column_container vc_col-sm-8 vc_col-has-fill\"><div class=\"vc_column-inner vc_custom_1554463575384\"><div class=\"wpb_wrapper\">\n<div class=\"wpcf7 no-js\" id=\"wpcf7-f19670-o1\" lang=\"en-US\" dir=\"ltr\">\n<div class=\"screen-reader-response\"><p role=\"status\" aria-live=\"polite\" aria-atomic=\"true\"><\/p> <ul><\/ul><\/div>\n<form action=\"\/tr\/wp-json\/wp\/v2\/pages\/19666#wpcf7-f19670-o1\" method=\"post\" class=\"wpcf7-form init dt_quote-form\" aria-label=\"Contact form\" novalidate=\"novalidate\" data-status=\"init\" data-trp-original-action=\"\/tr\/wp-json\/wp\/v2\/pages\/19666#wpcf7-f19670-o1\">\n<div style=\"display: none;\">\n<input type=\"hidden\" name=\"_wpcf7\" value=\"19670\" \/>\n<input type=\"hidden\" name=\"_wpcf7_version\" value=\"5.8.6\" \/>\n<input type=\"hidden\" name=\"_wpcf7_locale\" value=\"en_US\" \/>\n<input type=\"hidden\" name=\"_wpcf7_unit_tag\" value=\"wpcf7-f19670-o1\" \/>\n<input type=\"hidden\" name=\"_wpcf7_container_post\" value=\"0\" \/>\n<input type=\"hidden\" name=\"_wpcf7_posted_data_hash\" value=\"\" \/>\n<\/div>\n<div  data-delay=\"0\" class=\"vc_row wpb_row vc_row-fluid\"><div class=\"wpb_column vc_column_container vc_col-sm-6\" data-delay=\"0\"><div class=\"vc_column-inner\"><div class=\"wpb_wrapper\">\r\n\t<div class=\"wpb_text_column wpb_content_element\" >\r\n\t\t<div class=\"wpb_wrapper\">\r\n\t\t\t<p><span class=\"wpcf7-form-control-wrap\" data-name=\"menu-50\"><select class=\"wpcf7-form-control wpcf7-select drop-menu\" aria-invalid=\"false\" name=\"menu-50\"><option value=\"Freight Type\">Y\u00fck Tipi<\/option><option value=\"Air Freight\">Hava Ta\u015f\u0131mac\u0131l\u0131\u011f\u0131<\/option><option value=\"Cargo Freight\">Kargo Ta\u015f\u0131mac\u0131l\u0131\u011f\u0131<\/option><option value=\"Ship Freight\">Gemi Ta\u015f\u0131mac\u0131l\u0131\u011f\u0131<\/option><option value=\"Land Freight\">Kara Ta\u015f\u0131mac\u0131l\u0131\u011f\u0131<\/option><\/select><\/span><\/p>\n\r\n\t\t<\/div>\r\n\t<\/div>\r\n<\/div><\/div><\/div><div class=\"wpb_column vc_column_container vc_col-sm-6\" data-delay=\"0\"><div class=\"vc_column-inner\"><div class=\"wpb_wrapper\">\r\n\t<div class=\"wpb_text_column wpb_content_element\" >\r\n\t\t<div class=\"wpb_wrapper\">\r\n\t\t\t<p><span class=\"wpcf7-form-control-wrap\" data-name=\"menu-510\"><select class=\"wpcf7-form-control wpcf7-select drop-menu\" aria-invalid=\"false\" name=\"menu-510\"><option value=\"Incoterms\">Incoterms<\/option><option value=\"Air Freight\">Hava Ta\u015f\u0131mac\u0131l\u0131\u011f\u0131<\/option><option value=\"Cargo Freight\">Kargo Ta\u015f\u0131mac\u0131l\u0131\u011f\u0131<\/option><option value=\"Ship Freight\">Gemi Ta\u015f\u0131mac\u0131l\u0131\u011f\u0131<\/option><option value=\"Land Freight\">Kara Ta\u015f\u0131mac\u0131l\u0131\u011f\u0131<\/option><\/select><\/span><\/p>\n\r\n\t\t<\/div>\r\n\t<\/div>\r\n<\/div><\/div><\/div><\/div><div  data-delay=\"0\" class=\"vc_row wpb_row vc_row-fluid\"><div class=\"wpb_column vc_column_container vc_col-sm-6\" data-delay=\"0\"><div class=\"vc_column-inner\"><div class=\"wpb_wrapper\">\r\n\t<div class=\"wpb_text_column wpb_content_element\" >\r\n\t\t<div class=\"wpb_wrapper\">\r\n\t\t\t<p><span class=\"wpcf7-form-control-wrap\" data-name=\"text-206\"><input size=\"40\" class=\"wpcf7-form-control wpcf7-text\" aria-invalid=\"false\" placeholder=\"Kalk\u0131\u015f\" value=\"\" type=\"text\" name=\"text-206\" \/><\/span><\/p>\n\r\n\t\t<\/div>\r\n\t<\/div>\r\n<\/div><\/div><\/div><div class=\"wpb_column vc_column_container vc_col-sm-6\" data-delay=\"0\"><div class=\"vc_column-inner\"><div class=\"wpb_wrapper\">\r\n\t<div class=\"wpb_text_column wpb_content_element\" >\r\n\t\t<div class=\"wpb_wrapper\">\r\n\t\t\t<p><span class=\"wpcf7-form-control-wrap\" data-name=\"text-207\"><input size=\"40\" class=\"wpcf7-form-control wpcf7-text\" aria-invalid=\"false\" placeholder=\"Var\u0131\u015f\" value=\"\" type=\"text\" name=\"text-207\" \/><\/span><\/p>\n\r\n\t\t<\/div>\r\n\t<\/div>\r\n<\/div><\/div><\/div><\/div><div  data-delay=\"0\" class=\"vc_row wpb_row vc_row-fluid\"><div class=\"wpb_column vc_column_container vc_col-sm-6\" data-delay=\"0\"><div class=\"vc_column-inner\"><div class=\"wpb_wrapper\">\r\n\t<div class=\"wpb_text_column wpb_content_element\" >\r\n\t\t<div class=\"wpb_wrapper\">\r\n\t\t\t<p><span class=\"wpcf7-form-control-wrap\" data-name=\"number-739\"><input class=\"wpcf7-form-control wpcf7-number wpcf7-validates-as-number\" min=\"1\" aria-invalid=\"false\" placeholder=\"Br\u00fct A\u011f\u0131rl\u0131k\" value=\"\" type=\"number\" name=\"number-739\" \/><\/span><\/p>\n\r\n\t\t<\/div>\r\n\t<\/div>\r\n<\/div><\/div><\/div><div class=\"wpb_column vc_column_container vc_col-sm-6\" data-delay=\"0\"><div class=\"vc_column-inner\"><div class=\"wpb_wrapper\">\r\n\t<div class=\"wpb_text_column wpb_content_element\" >\r\n\t\t<div class=\"wpb_wrapper\">\r\n\t\t\t<p><span class=\"wpcf7-form-control-wrap\" data-name=\"number-639\"><input class=\"wpcf7-form-control wpcf7-number wpcf7-validates-as-number\" min=\"1\" aria-invalid=\"false\" placeholder=\"Br\u00fct Y\u00fckseklik\" value=\"\" type=\"number\" name=\"number-639\" \/><\/span><\/p>\n\r\n\t\t<\/div>\r\n\t<\/div>\r\n<\/div><\/div><\/div><\/div><div  data-delay=\"0\" class=\"vc_row wpb_row vc_row-fluid\"><div class=\"wpb_column vc_column_container vc_col-sm-12\" data-delay=\"0\"><div class=\"vc_column-inner\"><div class=\"wpb_wrapper\">\r\n\t<div class=\"wpb_text_column wpb_content_element\" >\r\n\t\t<div class=\"wpb_wrapper\">\r\n\t\t\t<p class=\"form-text\">ki\u015fisel detaylar<\/p>\n\r\n\t\t<\/div>\r\n\t<\/div>\r\n<\/div><\/div><\/div><\/div><div  data-delay=\"0\" class=\"vc_row wpb_row vc_row-fluid\"><div class=\"wpb_column vc_column_container vc_col-sm-6\" data-delay=\"0\"><div class=\"vc_column-inner\"><div class=\"wpb_wrapper\">\r\n\t<div class=\"wpb_text_column wpb_content_element\" >\r\n\t\t<div class=\"wpb_wrapper\">\r\n\t\t\t<p><span class=\"wpcf7-form-control-wrap\" data-name=\"text-208\"><input size=\"40\" class=\"wpcf7-form-control wpcf7-text\" aria-invalid=\"false\" placeholder=\"tam ad\u0131\" value=\"\" type=\"text\" name=\"text-208\" \/><\/span><span class=\"wpcf7-form-control-wrap\" data-name=\"email-926\"><input size=\"40\" class=\"wpcf7-form-control wpcf7-email wpcf7-validates-as-required wpcf7-text wpcf7-validates-as-email\" aria-required=\"true\" aria-invalid=\"false\" placeholder=\"E-posta\" value=\"\" type=\"email\" name=\"email-926\" \/><\/span><span class=\"wpcf7-form-control-wrap\" data-name=\"tel-398\"><input size=\"40\" class=\"wpcf7-form-control wpcf7-tel wpcf7-text wpcf7-validates-as-tel\" aria-invalid=\"false\" placeholder=\"Telefon\" value=\"\" type=\"tel\" name=\"tel-398\" \/><\/span><\/p>\n\r\n\t\t<\/div>\r\n\t<\/div>\r\n<\/div><\/div><\/div><div class=\"wpb_column vc_column_container vc_col-sm-6\" data-delay=\"0\"><div class=\"vc_column-inner\"><div class=\"wpb_wrapper\">\r\n\t<div class=\"wpb_text_column wpb_content_element\" >\r\n\t\t<div class=\"wpb_wrapper\">\r\n\t\t\t<p><span class=\"wpcf7-form-control-wrap\" data-name=\"textarea-597\"><textarea cols=\"40\" rows=\"10\" class=\"wpcf7-form-control wpcf7-textarea\" aria-invalid=\"false\" placeholder=\"Mesaj\" name=\"textarea-597\"><\/textarea><\/span><\/p>\n\r\n\t\t<\/div>\r\n\t<\/div>\r\n<\/div><\/div><\/div><\/div><div  data-delay=\"0\" class=\"vc_row wpb_row vc_row-fluid\"><div class=\"wpb_column vc_column_container vc_col-sm-12\" data-delay=\"0\"><div class=\"vc_column-inner\"><div class=\"wpb_wrapper\">\r\n\t<div class=\"wpb_text_column wpb_content_element\" >\r\n\t\t<div class=\"wpb_wrapper\">\r\n\t\t\t<p><input class=\"wpcf7-form-control wpcf7-submit has-spinner\" type=\"submit\" value=\"Sunmak\" \/><\/p>\n\r\n\t\t<\/div>\r\n\t<\/div>\r\n<\/div><\/div><\/div><\/div><div class=\"wpcf7-response-output\" aria-hidden=\"true\"><\/div>\n<input type=\"hidden\" name=\"trp-form-language\" value=\"tr\"\/><\/form>\n<\/div>\n<\/div><\/div><\/div><div class=\"wpb_column vc_column_container vc_col-sm-4\"><div class=\"vc_column-inner\"><div class=\"wpb_wrapper\"><\/div><\/div><\/div><\/div><\/div><\/div><\/div><\/div><div class=\"vc_row-full-width vc_clearfix\"><\/div><div  data-delay=\"0\" class=\"vc_row wpb_row vc_row-fluid\"><div class=\"wpb_column vc_column_container vc_col-sm-12\" data-delay=\"0\"><div class=\"vc_column-inner\"><div class=\"wpb_wrapper\"><div id=\"1554464067918-56f01cb5-03cf\" class=\"dt-sc-empty-space\"><\/div><\/div><\/div><\/div><\/div><div  data-delay=\"0\" data-vc-full-width=\"true\" data-vc-full-width-init=\"false\" class=\"vc_row wpb_row vc_row-fluid dt-sc-custom-bg vc_custom_1554374308747 vc_row-has-fill\"><div class=\"wpb_column vc_column_container vc_col-sm-12\" data-delay=\"0\"><div class=\"vc_column-inner\"><div class=\"wpb_wrapper\"><div id=\"1554373637435-c32768b5-3611\" class=\"dt-sc-empty-space\"><\/div><h3 style=\"font-size: 30px;color: #40404a;text-align: center\" class=\"vc_custom_heading medium vc_custom_1554957084179\" >\u015eimdi Bizi Aray\u0131n<\/h3><div id=\"uvc-type-wrap-3145\"  data-ultimate-target='#uvc-type-wrap-3145'  data-responsive-json-new='{\"font-size\":\"desktop:70px;\",\"line-height\":\"\"}'  class=\"uvc-type-wrap  ult-adjust-bottom-margin ult-responsive  uvc-type-align-center  uvc-wrap-75017479069e24e488da24\" style=\"text-align:center;\"><span  data-ultimate-target='#uvc-type-wrap-3145 .mycustfancy'  data-responsive-json-new='{\"font-size\":\"desktop:70px;\",\"line-height\":\"\"}'  class=\"ultimate-typewriter-prefix mycustfancy ult-responsive\" style=\"font-weight:normal;color:#40404a; text-transform: unset;\">(0090)<\/span><span id=\"typed-75017479069e24e488da24\" class=\"ultimate-typed-main\" style=\"color:#ff5d1b; font-weight:normal; text-transform: unset;\"><\/span><script type=\"text\/javascript\"> \r\n\t\t\t\t\t\tjQuery(function($){ \r\n\t\t\t\t\t\t\t$(document).ready(function(){\r\n\t\t\t\t\t\t\t\tif( typeof jQuery(\"#typed-75017479069e24e488da24\").typed == \"function\"){\r\n\t\t\t\t\t\t\t\t\t$(\"#typed-75017479069e24e488da24\").typed({\r\n\t\t\t\t\t\t\t\t\t\tstrings: [\"5310111722\"],\r\n\t\t\t\t\t\t\t\t\t\ttypeSpeed: 50,\r\n\t\t\t\t\t\t\t\t\t\tbackSpeed: 50,\r\n\t\t\t\t\t\t\t\t\t\tstartDelay: 200,\r\n\t\t\t\t\t\t\t\t\t\tbackDelay: 1500,\r\n\t\t\t\t\t\t\t\t\t\tloop: true,\r\n\t\t\t\t\t\t\t\t\t\tloopCount: false,\r\n\t\t\t\t\t\t\t\t\t\tshowCursor: true,\r\n\t\t\t\t\t\t\t\t\t\tcursorChar: \"|\",\r\n\t\t\t\t\t\t\t\t\t\tattr: null\r\n\t\t\t\t\t\t\t\t\t});\r\n\t\t\t\t\t\t\t\t}\r\n\t\t\t\t\t\t\t});\r\n\t\t\t\t\t\t});\r\n\t\t\t\t\t<\/script><\/div>\r\n\t<div class=\"wpb_text_column wpb_content_element\" >\r\n\t\t<div class=\"wpb_wrapper\">\r\n\t\t\t<p style=\"text-align: center; font-size: 21px;\"><strong>7\/24 Yard\u0131ma A\u00e7\u0131\u011f\u0131z<\/strong><\/p>\n\r\n\t\t<\/div>\r\n\t<\/div>\r\n<div id=\"1554373762510-b0a7c916-a428\" class=\"dt-sc-empty-space\"><\/div><\/div><\/div><\/div><\/div><div class=\"vc_row-full-width vc_clearfix\"><\/div><!-- Row Backgrounds --><div class=\"upb_bg_img\" data-ultimate-bg=\"https:\/\/dragonkargo.com\/wp-content\/uploads\/2019\/04\/bg2.png,https:\/\/dragonkargo.com\/wp-content\/uploads\/2019\/04\/bg3.png\" data-ultimate-bg-style=\"vcpb-fs-jquery\" data-bg-img-repeat=\"repeat\" data-bg-img-size=\"cover\" data-bg-img-position=\"\" data-parallx_sense=\"30\" data-bg-override=\"0\" data-bg_img_attach=\"scroll\" data-upb-overlay-color=\"\" data-upb-bg-animation=\"\" data-fadeout=\"\" data-fadeout-percentage=\"30\" data-parallax-content=\"\" data-parallax-content-sense=\"30\" data-row-effect-mobile-disable=\"true\" data-img-parallax-mobile-disable=\"true\" data-rtl=\"false\"  data-custom-vc-row=\"\"  data-vc=\"7.3\"  data-is_old_vc=\"\"  data-theme-support=\"\"   data-overlay=\"false\" data-overlay-color=\"\" data-overlay-pattern=\"\" data-overlay-pattern-opacity=\"\" data-overlay-pattern-size=\"\"    ><\/div>\n<\/div>","protected":false},"excerpt":{"rendered":"Request a Quote Freight TypeAir FreightCargo FreightShip FreightLand Freight IncotermsAir FreightCargo FreightShip FreightLand Freight Personal Details Call Us Now On(0090) We are Open 24\/7 for Assistance","protected":false},"author":1,"featured_media":0,"parent":0,"menu_order":0,"comment_status":"closed","ping_status":"closed","template":"","meta":{"footnotes":"","_joinchat":[]},"_links":{"self":[{"href":"https:\/\/dragonkargo.com\/tr\/wp-json\/wp\/v2\/pages\/19666"}],"collection":[{"href":"https:\/\/dragonkargo.com\/tr\/wp-json\/wp\/v2\/pages"}],"about":[{"href":"https:\/\/dragonkargo.com\/tr\/wp-json\/wp\/v2\/types\/page"}],"author":[{"embeddable":true,"href":"https:\/\/dragonkargo.com\/tr\/wp-json\/wp\/v2\/users\/1"}],"replies":[{"embeddable":true,"href":"https:\/\/dragonkargo.com\/tr\/wp-json\/wp\/v2\/comments?post=19666"}],"version-history":[{"count":3,"href":"https:\/\/dragonkargo.com\/tr\/wp-json\/wp\/v2\/pages\/19666\/revisions"}],"predecessor-version":[{"id":20988,"href":"https:\/\/dragonkargo.com\/tr\/wp-json\/wp\/v2\/pages\/19666\/revisions\/20988"}],"wp:attachment":[{"href":"https:\/\/dragonkargo.com\/tr\/wp-json\/wp\/v2\/media?parent=19666"}],"curies":[{"name":"wp","href":"https:\/\/api.w.org\/{rel}","templated":true}]}}