{"id":19898,"date":"2019-04-11T06:23:36","date_gmt":"2019-04-11T06:23:36","guid":{"rendered":"https:\/\/dragonkargo.com\/?page_id=19898"},"modified":"2024-01-23T07:50:47","modified_gmt":"2024-01-23T07:50:47","slug":"road-freight","status":"publish","type":"page","link":"https:\/\/dragonkargo.com\/tr\/services\/road-freight\/","title":{"rendered":"Karayolu Ta\u015f\u0131mac\u0131l\u0131\u011f\u0131"},"content":{"rendered":"<div class=\"wpb-content-wrapper\"><div  data-delay=\"0\" class=\"vc_row wpb_row vc_row-fluid\"><div class=\"wpb_column vc_column_container vc_col-sm-12\" data-delay=\"0\"><div class=\"vc_column-inner\"><div class=\"wpb_wrapper\"><div class='dt-sc-title with-separator-bottom' data-delay='0'><h2 class='dt-sc-main-heading'>KARAYOLU TA\u015eIMACILI\u011eI SEVK\u0130YATI<\/h2><h3 class='dt-sc-sub-heading'><\/h3><\/div><div id=\"1554378474438-46f91ff1-a5e8\" class=\"dt-sc-empty-space\"><\/div>\r\n\t<div class=\"wpb_text_column wpb_content_element  vc_custom_1705990886549\" >\r\n\t\t<div class=\"wpb_wrapper\">\r\n\t\t\t<p>K\u00fcresel ticaret ve lojisti\u011fin s\u00fcrekli geli\u015fen ortam\u0131nda karayolu ta\u015f\u0131mac\u0131l\u0131\u011f\u0131, i\u015fletmeleri birbirine ba\u011flayan ve mallar\u0131n kesintisiz hareketini kolayla\u015ft\u0131ran kritik bir arter olarak duruyor. <strong>DragonKargo<\/strong>, g\u00fc\u00e7 ve g\u00fcvenilirlikle e\u015fanlaml\u0131 bir isim, kargo end\u00fcstrisinde lider olarak ortaya \u00e7\u0131k\u0131yor. Bu makale \u0131\u015f\u0131k tutuyor <strong>DragonKargo<\/strong>\u015firketin lojistik karayollar\u0131nda m\u00fckemmelli\u011fi nas\u0131l y\u00f6nlendirdi\u011fini g\u00f6steren karayolu ta\u015f\u0131mac\u0131l\u0131\u011f\u0131 hizmetlerindeki cesareti.<\/p>\n\r\n\t\t<\/div>\r\n\t<\/div>\r\n<div class=\"vc_row wpb_row vc_inner vc_row-fluid\"><div class=\"shutter-effect figure-img wpb_column vc_column_container vc_col-sm-6\"><div class=\"vc_column-inner\"><div class=\"wpb_wrapper\">\n\t<div  class=\"wpb_single_image wpb_content_element vc_align_left  vc_custom_1705990766381  dt_img-border-radius\">\n\t\t\n\t\t<figure class=\"wpb_wrapper vc_figure\">\n\t\t\t<a class=\"\" data-lightbox=\"lightbox[rel-19898-2516388933]\" href=\"https:\/\/dragonkargo.com\/wp-content\/uploads\/2024\/01\/image_2024-01-23_091859717-1024x682.png\" target=\"_self\"><img loading=\"lazy\" decoding=\"async\" width=\"2000\" height=\"1333\" src=\"https:\/\/dragonkargo.com\/wp-content\/uploads\/2024\/01\/image_2024-01-23_091859717.png\" class=\"vc_single_image-img attachment-full\" alt=\"\" title=\"resim_2024-01-23_091859717\" srcset=\"https:\/\/dragonkargo.com\/wp-content\/uploads\/2024\/01\/image_2024-01-23_091859717.png 2000w, https:\/\/dragonkargo.com\/wp-content\/uploads\/2024\/01\/image_2024-01-23_091859717-300x200.png 300w, https:\/\/dragonkargo.com\/wp-content\/uploads\/2024\/01\/image_2024-01-23_091859717-1024x682.png 1024w, https:\/\/dragonkargo.com\/wp-content\/uploads\/2024\/01\/image_2024-01-23_091859717-768x512.png 768w, https:\/\/dragonkargo.com\/wp-content\/uploads\/2024\/01\/image_2024-01-23_091859717-1536x1024.png 1536w, https:\/\/dragonkargo.com\/wp-content\/uploads\/2024\/01\/image_2024-01-23_091859717-750x500.png 750w, https:\/\/dragonkargo.com\/wp-content\/uploads\/2024\/01\/image_2024-01-23_091859717-570x380.png 570w, https:\/\/dragonkargo.com\/wp-content\/uploads\/2024\/01\/image_2024-01-23_091859717-600x400.png 600w, https:\/\/dragonkargo.com\/wp-content\/uploads\/2024\/01\/image_2024-01-23_091859717-540x360.png 540w, https:\/\/dragonkargo.com\/wp-content\/uploads\/2024\/01\/image_2024-01-23_091859717-1000x667.png 1000w\" sizes=\"(max-width: 2000px) 100vw, 2000px\" \/><\/a>\n\t\t<\/figure>\n\t<\/div>\n<\/div><\/div><\/div><div class=\"shutter-effect figure-img wpb_column vc_column_container vc_col-sm-6\"><div class=\"vc_column-inner\"><div class=\"wpb_wrapper\">\n\t<div  class=\"wpb_single_image wpb_content_element vc_align_left  vc_custom_1705990822588  dt_img-border-radius\">\n\t\t\n\t\t<figure class=\"wpb_wrapper vc_figure\">\n\t\t\t<a class=\"\" data-lightbox=\"lightbox[rel-19898-2263952997]\" href=\"https:\/\/dragonkargo.com\/wp-content\/uploads\/2024\/01\/container-truck-ship-port-ai-generated-image-1-2-1024x574.jpg\" target=\"_self\"><img loading=\"lazy\" decoding=\"async\" width=\"2000\" height=\"1121\" src=\"https:\/\/dragonkargo.com\/wp-content\/uploads\/2024\/01\/container-truck-ship-port-ai-generated-image-1-2.jpg\" class=\"vc_single_image-img attachment-full\" alt=\"\" title=\"konteyner-kamyon-gemi-liman\u0131-yapay zeka taraf\u0131ndan olu\u015fturulan-resim (1)\" srcset=\"https:\/\/dragonkargo.com\/wp-content\/uploads\/2024\/01\/container-truck-ship-port-ai-generated-image-1-2.jpg 2000w, https:\/\/dragonkargo.com\/wp-content\/uploads\/2024\/01\/container-truck-ship-port-ai-generated-image-1-2-300x168.jpg 300w, https:\/\/dragonkargo.com\/wp-content\/uploads\/2024\/01\/container-truck-ship-port-ai-generated-image-1-2-1024x574.jpg 1024w, https:\/\/dragonkargo.com\/wp-content\/uploads\/2024\/01\/container-truck-ship-port-ai-generated-image-1-2-768x430.jpg 768w, https:\/\/dragonkargo.com\/wp-content\/uploads\/2024\/01\/container-truck-ship-port-ai-generated-image-1-2-1536x861.jpg 1536w, https:\/\/dragonkargo.com\/wp-content\/uploads\/2024\/01\/container-truck-ship-port-ai-generated-image-1-2-750x420.jpg 750w, https:\/\/dragonkargo.com\/wp-content\/uploads\/2024\/01\/container-truck-ship-port-ai-generated-image-1-2-540x303.jpg 540w, https:\/\/dragonkargo.com\/wp-content\/uploads\/2024\/01\/container-truck-ship-port-ai-generated-image-1-2-1000x561.jpg 1000w\" sizes=\"(max-width: 2000px) 100vw, 2000px\" \/><\/a>\n\t\t<\/figure>\n\t<\/div>\n<div id=\"1554446551112-ac4c0e24-1531\" class=\"dt-sc-empty-space\"><\/div>\n\t<div  class=\"wpb_single_image wpb_content_element vc_align_left  vc_custom_1705990832916  dt_img-border-radius\">\n\t\t\n\t\t<figure class=\"wpb_wrapper vc_figure\">\n\t\t\t<a class=\"\" data-lightbox=\"lightbox[rel-19898-1695858178]\" href=\"https:\/\/dragonkargo.com\/wp-content\/uploads\/2024\/01\/container-truck-ship-port-ai-generated-image-1-1-e1705907631231-1024x546.jpg\" target=\"_self\"><img loading=\"lazy\" decoding=\"async\" width=\"1500\" height=\"800\" src=\"https:\/\/dragonkargo.com\/wp-content\/uploads\/2024\/01\/container-truck-ship-port-ai-generated-image-1-1-e1705907631231.jpg\" class=\"vc_single_image-img attachment-full\" alt=\"\" title=\"konteyner-kamyon-gemi-liman\u0131-yapay zeka taraf\u0131ndan olu\u015fturulan-resim (1)\" srcset=\"https:\/\/dragonkargo.com\/wp-content\/uploads\/2024\/01\/container-truck-ship-port-ai-generated-image-1-1-e1705907631231.jpg 1500w, https:\/\/dragonkargo.com\/wp-content\/uploads\/2024\/01\/container-truck-ship-port-ai-generated-image-1-1-e1705907631231-300x160.jpg 300w, https:\/\/dragonkargo.com\/wp-content\/uploads\/2024\/01\/container-truck-ship-port-ai-generated-image-1-1-e1705907631231-1024x546.jpg 1024w, https:\/\/dragonkargo.com\/wp-content\/uploads\/2024\/01\/container-truck-ship-port-ai-generated-image-1-1-e1705907631231-768x410.jpg 768w, https:\/\/dragonkargo.com\/wp-content\/uploads\/2024\/01\/container-truck-ship-port-ai-generated-image-1-1-e1705907631231-750x400.jpg 750w, https:\/\/dragonkargo.com\/wp-content\/uploads\/2024\/01\/container-truck-ship-port-ai-generated-image-1-1-e1705907631231-540x288.jpg 540w, https:\/\/dragonkargo.com\/wp-content\/uploads\/2024\/01\/container-truck-ship-port-ai-generated-image-1-1-e1705907631231-1000x533.jpg 1000w\" sizes=\"(max-width: 1500px) 100vw, 1500px\" \/><\/a>\n\t\t<\/figure>\n\t<\/div>\n<\/div><\/div><\/div><\/div><div id=\"1554378090132-bf7716d6-968d\" class=\"dt-sc-empty-space\"><\/div><div class='dt-sc-icon-box type4 rounded-border alignright' data-delay='0' ><div class=\"icon-wrapper\"><img loading=\"lazy\" decoding=\"async\" width=\"60\" height=\"60\" src=\"https:\/\/dragonkargo.com\/wp-content\/uploads\/2019\/04\/icon7-1.png\" class=\"attachment-full\" alt=\"\" title=\"simge7\" \/><\/div><div class=\"icon-content\"><h4>Emniyet ve G\u00fcvenlik:<\/h4><p>Karayolu ta\u015f\u0131mac\u0131l\u0131\u011f\u0131nda g\u00fcvenlik her \u015feyden \u00f6nemlidir ve DragonKargo y\u00fck\u00fcn\u00fcz\u00fcn refah\u0131na \u00f6ncelik verir. \u015eirket, s\u0131k\u0131 g\u00fcvenlik protokollerine ba\u011fl\u0131 kalarak, t\u00fcm g\u00f6nderilerin azami \u00f6zenle ele al\u0131nmas\u0131n\u0131 ve var\u0131\u015f yerlerine g\u00fcvenli bir \u015fekilde teslim edilmesini sa\u011flar.<\/p><\/div><\/div><div class='dt-sc-icon-box type4 rounded-border' data-delay='0' ><div class=\"icon-wrapper\"><img loading=\"lazy\" decoding=\"async\" width=\"60\" height=\"60\" src=\"https:\/\/dragonkargo.com\/wp-content\/uploads\/2019\/04\/icon12.png\" class=\"attachment-full\" alt=\"\" title=\"simge12\" \/><\/div><div class=\"icon-content\"><h4>Zaman\u0131nda ve Esnek Teslimatlar:<\/h4><p>DragonKargo, h\u0131zl\u0131 tempolu ticaret d\u00fcnyas\u0131nda zaman\u0131nda teslimatlar\u0131n \u00f6nemini anl\u0131yor. \u015eirketin karayolu ta\u015f\u0131mac\u0131l\u0131\u011f\u0131 hizmetleri, kargonuzun var\u0131\u015f noktas\u0131na h\u0131zl\u0131 ve zaman\u0131nda ula\u015fmas\u0131n\u0131 sa\u011flar. Bak\u0131ml\u0131 ara\u00e7 filosu ve dakikli\u011fe olan ba\u011fl\u0131l\u0131\u011f\u0131 ile DragonKargo, teslimat zaman \u00e7izelgelerinizi kar\u015f\u0131lamak i\u00e7in gereken esnekli\u011fi sunar.<\/p><\/div><\/div><div class='dt-sc-icon-box type4 rounded-border alignright' data-delay='0' ><div class=\"icon-wrapper\"><img loading=\"lazy\" decoding=\"async\" width=\"60\" height=\"60\" src=\"https:\/\/dragonkargo.com\/wp-content\/uploads\/2019\/04\/icon11.png\" class=\"attachment-full\" alt=\"\" title=\"simge11\" \/><\/div><div class=\"icon-content\"><h4>\u00dclke \u00c7ap\u0131nda Kapsama:<\/h4><p>Dragonkargo&#039;nun karayolu ta\u015f\u0131mac\u0131l\u0131\u011f\u0131 hizmetleri, \u00fclkenin uzunlu\u011funu ve geni\u015fli\u011fini kapsamakta ve \u00e7e\u015fitli nakliye ihtiya\u00e7lar\u0131 olan i\u015fletmelere kapsaml\u0131 kapsama alan\u0131 sa\u011flamaktad\u0131r. Hareketli bir \u015fehir merkezi veya uzak bir k\u0131rsal konum olsun, dragonkargo&#039;nun sa\u011flam a\u011f\u0131, kargonuzun \u00fclke i\u00e7indeki herhangi bir var\u0131\u015f noktas\u0131na ula\u015fmas\u0131n\u0131 sa\u011flar.<\/p><\/div><\/div><div class='dt-sc-icon-box type4 rounded-border' data-delay='0' ><div class=\"icon-wrapper\"><img loading=\"lazy\" decoding=\"async\" width=\"60\" height=\"60\" src=\"https:\/\/dragonkargo.com\/wp-content\/uploads\/2019\/04\/icon10.png\" class=\"attachment-full\" alt=\"\" title=\"simge10\" \/><\/div><div class=\"icon-content\"><h4>\u0130zleme ve g\u00f6r\u00fcn\u00fcrl\u00fck i\u00e7in en son teknoloji:<\/h4><p>DragonKargo, g\u00f6nderileriniz i\u00e7in ger\u00e7ek zamanl\u0131 izleme ve g\u00f6r\u00fcn\u00fcrl\u00fck sa\u011flamak i\u00e7in en son teknolojiden yararlan\u0131r. M\u00fc\u015fteriler, yolculu\u011fun her a\u015famas\u0131nda kargolar\u0131n\u0131n ilerlemesini izleyebilir, \u015feffafl\u0131\u011f\u0131 art\u0131rabilir ve proaktif karar vermeyi sa\u011flayabilir.<\/p><\/div><\/div><div class='dt-sc-icon-box type4 rounded-border alignright' data-delay='0' ><div class=\"icon-wrapper\"><img loading=\"lazy\" decoding=\"async\" width=\"60\" height=\"60\" src=\"https:\/\/dragonkargo.com\/wp-content\/uploads\/2019\/04\/icon9.png\" class=\"attachment-full\" alt=\"\" title=\"simge9\" \/><\/div><div class=\"icon-content\"><h4>Uygun Maliyetli \u00c7\u00f6z\u00fcmler:<\/h4><p>Karayolu ta\u015f\u0131mac\u0131l\u0131\u011f\u0131 genellikle i\u00e7 hat ta\u015f\u0131mac\u0131l\u0131\u011f\u0131 i\u00e7in uygun maliyetli bir se\u00e7enektir ve DragonKargo bu avantajdan yararlan\u0131r. \u015eirket, hizmet kalitesinden \u00f6d\u00fcn vermeden rekabet\u00e7i fiyatlar sunarak i\u015fletmeler i\u00e7in maliyet verimlili\u011fine katk\u0131da bulunur.<\/p><\/div><\/div><div class='dt-sc-icon-box type4 rounded-border' data-delay='0' ><div class=\"icon-wrapper\"><img loading=\"lazy\" decoding=\"async\" width=\"60\" height=\"60\" src=\"https:\/\/dragonkargo.com\/wp-content\/uploads\/2019\/04\/icon8.png\" class=\"attachment-full\" alt=\"\" title=\"simge8\" \/><\/div><div class=\"icon-content\"><h4>\u00c7e\u015fitli Kargo Tipleri i\u00e7in \u00d6zel \u00c7\u00f6z\u00fcmler:<\/h4><p>K\u00fc\u00e7\u00fck parsellerden b\u00fcy\u00fck boyutlu g\u00f6nderilere kadar DragonKargo, \u00e7ok \u00e7e\u015fitli kargo t\u00fcrlerinin ta\u015f\u0131nmas\u0131nda \u00fcst\u00fcnd\u00fcr. \u015eirketin karayolu ta\u015f\u0131mac\u0131l\u0131\u011f\u0131 \u00e7\u00f6z\u00fcmleri, g\u00f6nderilerinizin \u00f6zel ihtiya\u00e7lar\u0131n\u0131 kar\u015f\u0131layacak \u015fekilde \u00f6zelle\u015ftirilebilir ve her g\u00f6nderinin hak etti\u011fi ilgi ve \u00f6zeni g\u00f6rmesini sa\u011flar.<\/p><\/div><\/div><\/div><\/div><\/div><\/div>\n<\/div>","protected":false},"excerpt":{"rendered":"ROAD FREIGHT SHIPMENT In the ever-evolving landscape of global trade and logistics, road freight stands as a critical artery, connecting businesses and facilitating the seamless movement of goods. DragonKargo, a name synonymous with strength and reliability, emerges as a leader in the cargo industry. This article sheds light on DragonKargo's prowess in road freight services, [...]","protected":false},"author":1,"featured_media":0,"parent":19577,"menu_order":0,"comment_status":"closed","ping_status":"closed","template":"tpl-sidenavigation.php","meta":{"footnotes":"","_joinchat":[]},"_links":{"self":[{"href":"https:\/\/dragonkargo.com\/tr\/wp-json\/wp\/v2\/pages\/19898"}],"collection":[{"href":"https:\/\/dragonkargo.com\/tr\/wp-json\/wp\/v2\/pages"}],"about":[{"href":"https:\/\/dragonkargo.com\/tr\/wp-json\/wp\/v2\/types\/page"}],"author":[{"embeddable":true,"href":"https:\/\/dragonkargo.com\/tr\/wp-json\/wp\/v2\/users\/1"}],"replies":[{"embeddable":true,"href":"https:\/\/dragonkargo.com\/tr\/wp-json\/wp\/v2\/comments?post=19898"}],"version-history":[{"count":3,"href":"https:\/\/dragonkargo.com\/tr\/wp-json\/wp\/v2\/pages\/19898\/revisions"}],"predecessor-version":[{"id":21043,"href":"https:\/\/dragonkargo.com\/tr\/wp-json\/wp\/v2\/pages\/19898\/revisions\/21043"}],"up":[{"embeddable":true,"href":"https:\/\/dragonkargo.com\/tr\/wp-json\/wp\/v2\/pages\/19577"}],"wp:attachment":[{"href":"https:\/\/dragonkargo.com\/tr\/wp-json\/wp\/v2\/media?parent=19898"}],"curies":[{"name":"wp","href":"https:\/\/api.w.org\/{rel}","templated":true}]}}